{"id":12,"date":"2013-12-26T14:58:14","date_gmt":"2013-12-26T15:58:14","guid":{"rendered":"http:\/\/garmisch.albishausen.com\/?page_id=12"},"modified":"2022-09-28T08:45:26","modified_gmt":"2022-09-28T09:45:26","slug":"reisebericht-ueber-die-fahrt-nach-garmisch-partenkirchen","status":"publish","type":"page","link":"https:\/\/garmisch.albishausen.com\/?page_id=12","title":{"rendered":"Reisebericht \u00fcber die Fahrt nach Garmisch-Partenkirchen"},"content":{"rendered":"<p>Hier berichte ich \u00fcber die Erf\u00fcllung eines &#8222;Jugendtraumes&#8220;: Einmal bei der Vierschanzentournee in Garmisch-Partenkirchen am Neujahrstag dabei sein, statt wie traditionell jahrzehntelang auf dem Sofa nach Neujahrskonzert und Ohnesorg-Theater das Skispringen am Fernseher zu verfolgen&#8230;<\/p>\n","protected":false},"excerpt":{"rendered":"<p>Hier berichte ich \u00fcber die Erf\u00fcllung eines &#8222;Jugendtraumes&#8220;: Einmal bei der Vierschanzentournee in Garmisch-Partenkirchen am Neujahrstag dabei sein, statt wie traditionell jahrzehntelang auf dem Sofa&#8230;<\/p>\n<div class=\"more-link-wrapper\"><a class=\"more-link\" href=\"https:\/\/garmisch.albishausen.com\/?page_id=12\">Weiterlesen<span class=\"screen-reader-text\">Reisebericht \u00fcber die Fahrt nach Garmisch-Partenkirchen<\/span><\/a><\/div>\n","protected":false},"author":1,"featured_media":43,"parent":0,"menu_order":0,"comment_status":"open","ping_status":"open","template":"","meta":[],"aioseo_notices":[],"_links":{"self":[{"href":"https:\/\/garmisch.albishausen.com\/index.php?rest_route=\/wp\/v2\/pages\/12"}],"collection":[{"href":"https:\/\/garmisch.albishausen.com\/index.php?rest_route=\/wp\/v2\/pages"}],"about":[{"href":"https:\/\/garmisch.albishausen.com\/index.php?rest_route=\/wp\/v2\/types\/page"}],"author":[{"embeddable":true,"href":"https:\/\/garmisch.albishausen.com\/index.php?rest_route=\/wp\/v2\/users\/1"}],"replies":[{"embeddable":true,"href":"https:\/\/garmisch.albishausen.com\/index.php?rest_route=%2Fwp%2Fv2%2Fcomments&post=12"}],"version-history":[{"count":1,"href":"https:\/\/garmisch.albishausen.com\/index.php?rest_route=\/wp\/v2\/pages\/12\/revisions"}],"predecessor-version":[{"id":13,"href":"https:\/\/garmisch.albishausen.com\/index.php?rest_route=\/wp\/v2\/pages\/12\/revisions\/13"}],"wp:featuredmedia":[{"embeddable":true,"href":"https:\/\/garmisch.albishausen.com\/index.php?rest_route=\/wp\/v2\/media\/43"}],"wp:attachment":[{"href":"https:\/\/garmisch.albishausen.com\/index.php?rest_route=%2Fwp%2Fv2%2Fmedia&parent=12"}],"curies":[{"name":"wp","href":"https:\/\/api.w.org\/{rel}","templated":true}]}}